{"id":76,"date":"2016-08-17T01:46:48","date_gmt":"2016-08-17T01:46:48","guid":{"rendered":"http:\/\/totaltheme.wpengine.com\/vanilla\/?page_id=18"},"modified":"2021-07-15T14:55:50","modified_gmt":"2021-07-15T14:55:50","slug":"kontakt","status":"publish","type":"page","link":"https:\/\/respektieredeinegrenzen.com\/index.php\/kontakt\/","title":{"rendered":"Kontakt"},"content":{"rendered":"[vc_row full_width=&#8220;stretch_row&#8220; content_placement=&#8220;middle&#8220; parallax=&#8220;content-moving&#8220; wpex_bg_overlay=&#8220;color&#8220; css=&#8220;.vc_custom_1626248641196{padding-top: 60px !important;padding-bottom: 40px !important;background-color: #dd3333 !important;}&#8220; wpex_bg_overlay_color=&#8220;#dd3333&#8243;][vc_column width=&#8220;1\/3&#8243;]<div class=\"vcex-module vcex-icon-box vcex-icon-box-one wpex-relative wpex-flex wpex-text-left\"><div class=\"vcex-icon-box-symbol wpex-flex-shrink-0 wpex-mr-20\"><div class=\"vcex-icon-box-icon wpex-inline-flex wpex-items-center wpex-justify-center wpex-child-inherit-color wpex-text-center wpex-leading-none wpex-text-black\" style=\"color:#ffffff;font-size:48px;\"><span class=\"vc_li vc_li-phone\" aria-hidden=\"true\"><\/span><\/div><\/a><\/div><div class=\"vcex-icon-box-text wpex-flex-grow\"><h2 class=\"vcex-icon-box-heading wpex-heading wpex-text-md wpex-mb-10\" style=\"color:#ffffff;font-size:18px;margin-bottom:0px;\">Anruf<\/h2><div class=\"vcex-icon-box-content wpex-last-mb-0 wpex-clr\" style=\"color:#dddddd;\"><p><span style=\"color: #ffffff\">050 536 22601<\/span><\/p>\n<\/div><\/div><\/div>[\/vc_column][vc_column width=&#8220;1\/3&#8243;]<div class=\"vcex-module vcex-icon-box vcex-icon-box-one wpex-relative wpex-flex wpex-text-left\"><div class=\"vcex-icon-box-symbol wpex-flex-shrink-0 wpex-mr-20\"><div class=\"vcex-icon-box-icon wpex-inline-flex wpex-items-center wpex-justify-center wpex-child-inherit-color wpex-text-center wpex-leading-none wpex-text-black\" style=\"color:#ffffff;font-size:48px;\"><span class=\"vc_li vc_li-mail\" aria-hidden=\"true\"><\/span><\/div><\/a><\/div><div class=\"vcex-icon-box-text wpex-flex-grow\"><h2 class=\"vcex-icon-box-heading wpex-heading wpex-text-md wpex-mb-10\" style=\"color:#ffffff;font-size:18px;margin-bottom:0px;\">E-Mail<\/h2><div class=\"vcex-icon-box-content wpex-last-mb-0 wpex-clr\" style=\"color:#dddddd;\"><p><span style=\"color: #ffffff\"><a style=\"color: #ffffff\" href=\"http:\/\/abt10.post@ktn.gv.at\" target=\"_blank\" rel=\"noopener\">abt10.post@ktn.gv.at<\/a><\/span><\/p>\n<\/div><\/div><\/div>[\/vc_column][vc_column width=&#8220;1\/3&#8243;]<div class=\"vcex-module vcex-icon-box vcex-icon-box-one wpex-relative wpex-flex wpex-text-left\"><div class=\"vcex-icon-box-symbol wpex-flex-shrink-0 wpex-mr-20\"><div class=\"vcex-icon-box-icon wpex-inline-flex wpex-items-center wpex-justify-center wpex-child-inherit-color wpex-text-center wpex-leading-none wpex-text-black\" style=\"color:#ffffff;font-size:48px;\"><span class=\"vc_li vc_li-location\" aria-hidden=\"true\"><\/span><\/div><\/a><\/div><div class=\"vcex-icon-box-text wpex-flex-grow\"><h2 class=\"vcex-icon-box-heading wpex-heading wpex-text-md wpex-mb-10\" style=\"color:#ffffff;font-size:18px;margin-bottom:0px;\">Adresse<\/h2><div class=\"vcex-icon-box-content wpex-last-mb-0 wpex-clr\" style=\"color:#dddddd;\"><p><span style=\"color: #ffffff\">Mie\u00dftalerstra\u00dfe 1, 9020 Klagenfurt am W\u00f6rthersee<\/span><\/p>\n<\/div><\/div><\/div>[\/vc_column][\/vc_row][vc_row full_width=&#8220;stretch_row&#8220; column_spacing=&#8220;60&#8243; css=&#8220;.vc_custom_1503529621355{padding-top: 60px !important;background-position: center !important;background-repeat: no-repeat !important;background-size: cover !important;}&#8220;][vc_column width=&#8220;1\/2&#8243;]<h3 class=\"vcex-heading vcex-module wpex-text-2xl wpex-font-normal wpex-m-auto wpex-max-w-100 vcex-heading-plain wpex-block vc_custom_1624342594919\"><span class=\"vcex-heading-inner wpex-inline-block wpex-clr\">Anfahrt<\/span><\/h3>[vc_gmaps link=&#8220;#E-8_JTNDaWZyYW1lJTIwc3JjJTNEJTIyaHR0cHMlM0ElMkYlMkZ3d3cuZ29vZ2xlLmNvbSUyRm1hcHMlMkZlbWJlZCUzRnBiJTNEJTIxMW0xOCUyMTFtMTIlMjExbTMlMjExZDI3NDAuMjUzNzMzMTM2MzQzJTIxMmQxNC4zMDkzNjE0NTE1MTM5NzclMjEzZDQ2LjYyMTc0OTE3OTAyOTE3JTIxMm0zJTIxMWYwJTIxMmYwJTIxM2YwJTIxM20yJTIxMWkxMDI0JTIxMmk3NjglMjE0ZjEzLjElMjEzbTMlMjExbTIlMjExczB4NDc3MDc0YmJmNGY2NTBiOSUyNTNBMHhkM2YyYjM1MzlhY2M4NDQzJTIxMnNBbXQlMjUyMGRlciUyNTIwSyUyNUMzJTI1QTRybnRuZXIlMjUyMExhbmRlc3JlZ2llcnVuZyUyMTVlMCUyMTNtMiUyMTFzZGUlMjEyc2F0JTIxNHYxNjI0Mzc0MDc2MTYwJTIxNW0yJTIxMXNkZSUyMTJzYXQlMjIlMjB3aWR0aCUzRCUyMjYwMCUyMiUyMGhlaWdodCUzRCUyMjQ1MCUyMiUyMHN0eWxlJTNEJTIyYm9yZGVyJTNBMCUzQiUyMiUyMGFsbG93ZnVsbHNjcmVlbiUzRCUyMiUyMiUyMGxvYWRpbmclM0QlMjJsYXp5JTIyJTNFJTNDJTJGaWZyYW1lJTNF&#8220;]<div class=\"vcex-spacing wpex-w-100 wpex-clear\" style=\"height:30px\"><\/div>[\/vc_column][vc_column width=&#8220;1\/2&#8243;]<h3 class=\"vcex-heading vcex-module wpex-text-2xl wpex-font-normal wpex-m-auto wpex-max-w-100 vcex-heading-plain wpex-block vc_custom_1624342611141\"><span class=\"vcex-heading-inner wpex-inline-block wpex-clr\">Kontaktformular<\/span><\/h3><div class=\"vcex-module vcex-form-shortcode wpex-form wpex-m-auto wpex-max-w-100 wpex-form-min full-width-input\"><div role=\"form\" class=\"wpcf7\" id=\"wpcf7-f4-o1\" lang=\"en-US\" dir=\"ltr\">\n<div class=\"screen-reader-response\"><p role=\"status\" aria-live=\"polite\" aria-atomic=\"true\"><\/p> <ul><\/ul><\/div>\n<form action=\"\/index.php\/wp-json\/wp\/v2\/pages\/76#wpcf7-f4-o1\" method=\"post\" class=\"wpcf7-form init\" novalidate=\"novalidate\" data-status=\"init\">\n<div style=\"display: none;\">\n<input type=\"hidden\" name=\"_wpcf7\" value=\"4\" \/>\n<input type=\"hidden\" name=\"_wpcf7_version\" value=\"5.4.1\" \/>\n<input type=\"hidden\" name=\"_wpcf7_locale\" value=\"en_US\" \/>\n<input type=\"hidden\" name=\"_wpcf7_unit_tag\" value=\"wpcf7-f4-o1\" \/>\n<input type=\"hidden\" name=\"_wpcf7_container_post\" value=\"0\" \/>\n<input type=\"hidden\" name=\"_wpcf7_posted_data_hash\" value=\"\" \/>\n<\/div>\n<p><label> Name (Pflichtfeld)<br \/>\n    <span class=\"wpcf7-form-control-wrap your-name\"><input type=\"text\" name=\"your-name\" value=\"\" size=\"40\" class=\"wpcf7-form-control wpcf7-text wpcf7-validates-as-required\" aria-required=\"true\" aria-invalid=\"false\" \/><\/span> <\/label><\/p>\n<p><label> E-Mail (Pflichtfeld)<br \/>\n    <span class=\"wpcf7-form-control-wrap your-email\"><input type=\"email\" name=\"your-email\" value=\"\" size=\"40\" class=\"wpcf7-form-control wpcf7-text wpcf7-email wpcf7-validates-as-required wpcf7-validates-as-email\" aria-required=\"true\" aria-invalid=\"false\" \/><\/span> <\/label><\/p>\n<p><label> Betreff<br \/>\n    <span class=\"wpcf7-form-control-wrap your-subject\"><input type=\"text\" name=\"your-subject\" value=\"\" size=\"40\" class=\"wpcf7-form-control wpcf7-text\" aria-invalid=\"false\" \/><\/span> <\/label><\/p>\n<p><label> Nachricht<br \/>\n    <span class=\"wpcf7-form-control-wrap your-message\"><textarea name=\"your-message\" cols=\"40\" rows=\"10\" class=\"wpcf7-form-control wpcf7-textarea\" aria-invalid=\"false\"><\/textarea><\/span> <\/label><\/p>\n<p><input type=\"submit\" value=\"Senden\" class=\"wpcf7-form-control wpcf7-submit\" \/><\/p>\n<div class=\"wpcf7-response-output\" aria-hidden=\"true\"><\/div><\/form><\/div><\/div>[\/vc_column][\/vc_row]\n<div class=\"sharedaddy sd-sharing-enabled\"><div class=\"robots-nocontent sd-block sd-social sd-social-icon-text sd-sharing\"><h3 class=\"sd-title\">Teilen mit:<\/h3><div class=\"sd-content\"><ul><li class=\"share-twitter\"><a rel=\"nofollow noopener noreferrer\" data-shared=\"sharing-twitter-76\" class=\"share-twitter sd-button share-icon\" href=\"https:\/\/respektieredeinegrenzen.com\/index.php\/kontakt\/?share=twitter\" target=\"_blank\" title=\"Klick, um \u00fcber Twitter zu teilen\"><span>Twitter<\/span><\/a><\/li><li class=\"share-facebook\"><a rel=\"nofollow noopener noreferrer\" data-shared=\"sharing-facebook-76\" class=\"share-facebook sd-button share-icon\" href=\"https:\/\/respektieredeinegrenzen.com\/index.php\/kontakt\/?share=facebook\" target=\"_blank\" title=\"Klick, um auf Facebook zu teilen\"><span>Facebook<\/span><\/a><\/li><li class=\"share-end\"><\/li><\/ul><\/div><\/div><\/div>","protected":false},"excerpt":{"rendered":"<p>[vc_row full_width=&#8220;stretch_row&#8220; content_placement=&#8220;middle&#8220; parallax=&#8220;content-moving&#8220; wpex_bg_overlay=&#8220;color&#8220; css=&#8220;.vc_custom_1626248641196{padding-top: 60px !important;padding-bottom: 40px !important;background-color: #dd3333 !important;}&#8220; wpex_bg_overlay_color=&#8220;#dd3333&#8243;][vc_column width=&#8220;1\/3&#8243;][\/vc_column][vc_column width=&#8220;1\/3&#8243;][\/vc_column][vc_column width=&#8220;1\/3&#8243;][\/vc_column][\/vc_row][vc_row full_width=&#8220;stretch_row&#8220; column_spacing=&#8220;60&#8243; css=&#8220;.vc_custom_1503529621355{padding-top: 60px !important;background-position: center !important;background-repeat: no-repeat !important;background-size: cover !important;}&#8220;][vc_column width=&#8220;1\/2&#8243;][vc_gmaps link=&#8220;#E-8_JTNDaWZyYW1lJTIwc3JjJTNEJTIyaHR0cHMlM0ElMkYlMkZ3d3cuZ29vZ2xlLmNvbSUyRm1hcHMlMkZlbWJlZCUzRnBiJTNEJTIxMW0xOCUyMTFtMTIlMjExbTMlMjExZDI3NDAuMjUzNzMzMTM2MzQzJTIxMmQxNC4zMDkzNjE0NTE1MTM5NzclMjEzZDQ2LjYyMTc0OTE3OTAyOTE3JTIxMm0zJTIxMWYwJTIxMmYwJTIxM2YwJTIxM20yJTIxMWkxMDI0JTIxMmk3NjglMjE0ZjEzLjElMjEzbTMlMjExbTIlMjExczB4NDc3MDc0YmJmNGY2NTBiOSUyNTNBMHhkM2YyYjM1MzlhY2M4NDQzJTIxMnNBbXQlMjUyMGRlciUyNTIwSyUyNUMzJTI1QTRybnRuZXIlMjUyMExhbmRlc3JlZ2llcnVuZyUyMTVlMCUyMTNtMiUyMTFzZGUlMjEyc2F0JTIxNHYxNjI0Mzc0MDc2MTYwJTIxNW0yJTIxMXNkZSUyMTJzYXQlMjIlMjB3aWR0aCUzRCUyMjYwMCUyMiUyMGhlaWdodCUzRCUyMjQ1MCUyMiUyMHN0eWxlJTNEJTIyYm9yZGVyJTNBMCUzQiUyMiUyMGFsbG93ZnVsbHNjcmVlbiUzRCUyMiUyMiUyMGxvYWRpbmclM0QlMjJsYXp5JTIyJTNFJTNDJTJGaWZyYW1lJTNF&#8220;][\/vc_column][vc_column width=&#8220;1\/2&#8243;][\/vc_column][\/vc_row]<\/p>\n<div class=\"sharedaddy sd-sharing-enabled\"><div class=\"robots-nocontent sd-block sd-social sd-social-icon-text sd-sharing\"><h3 class=\"sd-title\">Teilen mit:<\/h3><div class=\"sd-content\"><ul><li class=\"share-twitter\"><a rel=\"nofollow noopener noreferrer\" data-shared=\"sharing-twitter-76\" class=\"share-twitter sd-button share-icon\" href=\"https:\/\/respektieredeinegrenzen.com\/index.php\/kontakt\/?share=twitter\" target=\"_blank\" title=\"Klick, um \u00fcber Twitter zu teilen\"><span>Twitter<\/span><\/a><\/li><li class=\"share-facebook\"><a rel=\"nofollow noopener noreferrer\" data-shared=\"sharing-facebook-76\" class=\"share-facebook sd-button share-icon\" href=\"https:\/\/respektieredeinegrenzen.com\/index.php\/kontakt\/?share=facebook\" target=\"_blank\" title=\"Klick, um auf Facebook zu teilen\"><span>Facebook<\/span><\/a><\/li><li class=\"share-end\"><\/li><\/ul><\/div><\/div><\/div>","protected":false},"author":1,"featured_media":0,"parent":0,"menu_order":0,"comment_status":"closed","ping_status":"closed","template":"","meta":{"spay_email":"","footnotes":""},"class_list":["post-76","page","type-page","status-publish","hentry","entry","no-media"],"yoast_head":"<!-- This site is optimized with the Yoast SEO plugin v16.5 - https:\/\/yoast.com\/wordpress\/plugins\/seo\/ -->\n<title>Kontakt - Respektiere deine Grenzen<\/title>\n<meta name=\"robots\" content=\"index, follow, max-snippet:-1, max-image-preview:large, max-video-preview:-1\" \/>\n<link rel=\"canonical\" href=\"https:\/\/respektieredeinegrenzen.com\/index.php\/kontakt\/\" \/>\n<meta property=\"og:locale\" content=\"de_DE\" \/>\n<meta property=\"og:type\" content=\"article\" \/>\n<meta property=\"og:title\" content=\"Kontakt - Respektiere deine Grenzen\" \/>\n<meta property=\"og:description\" content=\"[vc_row full_width=&#8220;stretch_row&#8220; content_placement=&#8220;middle&#8220; parallax=&#8220;content-moving&#8220; wpex_bg_overlay=&#8220;color&#8220; css=&#8220;.vc_custom_1626248641196{padding-top: 60px !important;padding-bottom: 40px !important;background-color: #dd3333 !important;}&#8220; wpex_bg_overlay_color=&#8220;#dd3333&#8243;][vc_column width=&#8220;1\/3&#8243;][\/vc_column][vc_column width=&#8220;1\/3&#8243;][\/vc_column][vc_column width=&#8220;1\/3&#8243;][\/vc_column][\/vc_row][vc_row full_width=&#8220;stretch_row&#8220; column_spacing=&#8220;60&#8243; css=&#8220;.vc_custom_1503529621355{padding-top: 60px !important;background-position: center !important;background-repeat: no-repeat !important;background-size: cover !important;}&#8220;][vc_column width=&#8220;1\/2&#8243;][vc_gmaps link=&#8220;#E-8_JTNDaWZyYW1lJTIwc3JjJTNEJTIyaHR0cHMlM0ElMkYlMkZ3d3cuZ29vZ2xlLmNvbSUyRm1hcHMlMkZlbWJlZCUzRnBiJTNEJTIxMW0xOCUyMTFtMTIlMjExbTMlMjExZDI3NDAuMjUzNzMzMTM2MzQzJTIxMmQxNC4zMDkzNjE0NTE1MTM5NzclMjEzZDQ2LjYyMTc0OTE3OTAyOTE3JTIxMm0zJTIxMWYwJTIxMmYwJTIxM2YwJTIxM20yJTIxMWkxMDI0JTIxMmk3NjglMjE0ZjEzLjElMjEzbTMlMjExbTIlMjExczB4NDc3MDc0YmJmNGY2NTBiOSUyNTNBMHhkM2YyYjM1MzlhY2M4NDQzJTIxMnNBbXQlMjUyMGRlciUyNTIwSyUyNUMzJTI1QTRybnRuZXIlMjUyMExhbmRlc3JlZ2llcnVuZyUyMTVlMCUyMTNtMiUyMTFzZGUlMjEyc2F0JTIxNHYxNjI0Mzc0MDc2MTYwJTIxNW0yJTIxMXNkZSUyMTJzYXQlMjIlMjB3aWR0aCUzRCUyMjYwMCUyMiUyMGhlaWdodCUzRCUyMjQ1MCUyMiUyMHN0eWxlJTNEJTIyYm9yZGVyJTNBMCUzQiUyMiUyMGFsbG93ZnVsbHNjcmVlbiUzRCUyMiUyMiUyMGxvYWRpbmclM0QlMjJsYXp5JTIyJTNFJTNDJTJGaWZyYW1lJTNF&#8220;][\/vc_column][vc_column width=&#8220;1\/2&#8243;][\/vc_column][\/vc_row]\" \/>\n<meta property=\"og:url\" content=\"https:\/\/respektieredeinegrenzen.com\/index.php\/kontakt\/\" \/>\n<meta property=\"og:site_name\" content=\"Respektiere deine Grenzen\" \/>\n<meta property=\"article:modified_time\" content=\"2021-07-15T14:55:50+00:00\" \/>\n<meta name=\"twitter:card\" content=\"summary_large_image\" \/>\n<meta name=\"twitter:label1\" content=\"Gesch\u00e4tzte Lesezeit\" \/>\n\t<meta name=\"twitter:data1\" content=\"1\u00a0Minute\" \/>\n<script type=\"application\/ld+json\" class=\"yoast-schema-graph\">{\"@context\":\"https:\/\/schema.org\",\"@graph\":[{\"@type\":\"Organization\",\"@id\":\"https:\/\/respektieredeinegrenzen.com\/#organization\",\"name\":\"Respektiere deine Grenzen\",\"url\":\"https:\/\/respektieredeinegrenzen.com\/\",\"sameAs\":[],\"logo\":{\"@type\":\"ImageObject\",\"@id\":\"https:\/\/respektieredeinegrenzen.com\/#logo\",\"inLanguage\":\"de\",\"url\":\"https:\/\/respektieredeinegrenzen.com\/wp-content\/uploads\/2021\/06\/Unknown.png\",\"contentUrl\":\"https:\/\/respektieredeinegrenzen.com\/wp-content\/uploads\/2021\/06\/Unknown.png\",\"width\":388,\"height\":130,\"caption\":\"Respektiere deine Grenzen\"},\"image\":{\"@id\":\"https:\/\/respektieredeinegrenzen.com\/#logo\"}},{\"@type\":\"WebSite\",\"@id\":\"https:\/\/respektieredeinegrenzen.com\/#website\",\"url\":\"https:\/\/respektieredeinegrenzen.com\/\",\"name\":\"Respektiere deine Grenzen\",\"description\":\"Land K\\u00e4rnten\",\"publisher\":{\"@id\":\"https:\/\/respektieredeinegrenzen.com\/#organization\"},\"potentialAction\":[{\"@type\":\"SearchAction\",\"target\":\"https:\/\/respektieredeinegrenzen.com\/?s={search_term_string}\",\"query-input\":\"required name=search_term_string\"}],\"inLanguage\":\"de\"},{\"@type\":\"WebPage\",\"@id\":\"https:\/\/respektieredeinegrenzen.com\/index.php\/kontakt\/#webpage\",\"url\":\"https:\/\/respektieredeinegrenzen.com\/index.php\/kontakt\/\",\"name\":\"Kontakt - Respektiere deine Grenzen\",\"isPartOf\":{\"@id\":\"https:\/\/respektieredeinegrenzen.com\/#website\"},\"datePublished\":\"2016-08-17T01:46:48+00:00\",\"dateModified\":\"2021-07-15T14:55:50+00:00\",\"breadcrumb\":{\"@id\":\"https:\/\/respektieredeinegrenzen.com\/index.php\/kontakt\/#breadcrumb\"},\"inLanguage\":\"de\",\"potentialAction\":[{\"@type\":\"ReadAction\",\"target\":[\"https:\/\/respektieredeinegrenzen.com\/index.php\/kontakt\/\"]}]},{\"@type\":\"BreadcrumbList\",\"@id\":\"https:\/\/respektieredeinegrenzen.com\/index.php\/kontakt\/#breadcrumb\",\"itemListElement\":[{\"@type\":\"ListItem\",\"position\":1,\"name\":\"Kontakt\"}]}]}<\/script>\n<!-- \/ Yoast SEO plugin. -->","jetpack_sharing_enabled":true,"_links":{"self":[{"href":"https:\/\/respektieredeinegrenzen.com\/index.php\/wp-json\/wp\/v2\/pages\/76","targetHints":{"allow":["GET"]}}],"collection":[{"href":"https:\/\/respektieredeinegrenzen.com\/index.php\/wp-json\/wp\/v2\/pages"}],"about":[{"href":"https:\/\/respektieredeinegrenzen.com\/index.php\/wp-json\/wp\/v2\/types\/page"}],"author":[{"embeddable":true,"href":"https:\/\/respektieredeinegrenzen.com\/index.php\/wp-json\/wp\/v2\/users\/1"}],"replies":[{"embeddable":true,"href":"https:\/\/respektieredeinegrenzen.com\/index.php\/wp-json\/wp\/v2\/comments?post=76"}],"version-history":[{"count":12,"href":"https:\/\/respektieredeinegrenzen.com\/index.php\/wp-json\/wp\/v2\/pages\/76\/revisions"}],"predecessor-version":[{"id":889,"href":"https:\/\/respektieredeinegrenzen.com\/index.php\/wp-json\/wp\/v2\/pages\/76\/revisions\/889"}],"wp:attachment":[{"href":"https:\/\/respektieredeinegrenzen.com\/index.php\/wp-json\/wp\/v2\/media?parent=76"}],"curies":[{"name":"wp","href":"https:\/\/api.w.org\/{rel}","templated":true}]}}