{"id":3,"date":"2021-05-07T07:49:19","date_gmt":"2021-05-07T07:49:19","guid":{"rendered":"https:\/\/respektieredeinegrenzen.com\/?page_id=3"},"modified":"2021-07-26T07:38:20","modified_gmt":"2021-07-26T07:38:20","slug":"datenschutzerklarung","status":"publish","type":"page","link":"https:\/\/respektieredeinegrenzen.com\/index.php\/datenschutzerklarung\/","title":{"rendered":"Datenschutzerkl\u00e4rung"},"content":{"rendered":"\n<h5 class=\"wp-block-heading\">Diese Webseite wird vom Amt der K\u00e4rntner Landesregierung verwaltet. Indem Sie auf diese zugreifen oder diese in einer anderen Form nutzen, erkl\u00e4ren Sie sich mit den Bedingungen der Richtlinien f\u00fcr den Datenschutz wie unten aufgef\u00fchrt einverstanden. Sollten Sie mit den Richtlinien nicht einverstanden sein, bitten wir Sie, diese Webseite nicht abzurufen oder in irgendeiner anderen Form zu nutzen.<\/h5>\n\n\n\n<h2 class=\"wp-block-heading\">Webserver<\/h2>\n\n\n\n<p><strong>SSL- bzw. TLS-Verschl\u00fcsselung<br><\/strong>Diese Seite nutzt aus Sicherheitsgr\u00fcnden und zum Schutz der \u00dcbertragung vertraulicher Inhalte, wie zum Beispiel Bestellungen oder Anfragen, die Sie an uns als Seitenbetreiber senden, eine SSL-bzw. TLS-Verschl\u00fcsselung. Eine verschl\u00fcsselte Verbindung erkennen Sie daran, dass die Adresszeile des Browsers von \u201chttp:\/\/\u201d auf \u201chttps:\/\/\u201d wechselt und an dem Schloss-Symbol in Ihrer Browserzeile. Wenn die SSL- bzw. TLS-Verschl\u00fcsselung aktiviert ist, k\u00f6nnen die Daten, die Sie an uns \u00fcbermitteln, nicht von Dritten mitgelesen werden.<\/p>\n\n\n\n<p><strong>Server Logfiles<br><\/strong>Bei den Server Logfiles handelt es sich um anonymisierte Daten, die bei Ihrem Zugriff auf unsere Webseite erfasst werden. Diese Informationen erm\u00f6glichen keine R\u00fcckschl\u00fcsse auf Sie pers\u00f6nlich, sind aber aus technischen Gr\u00fcnden f\u00fcr die Auslieferung und Darstellung unserer Inhalte unverzichtbar. Weiterhin dienen Sie unserer Statistik und der st\u00e4ndigen Optimierung unserer Inhalte. Typische Logfiles sind das Datum und die Zeit des Zugriffs, die Datenmenge, der f\u00fcr den Zugriff benutzte Browser und seine Version, das eingesetzte Betriebssystem, der Domainname des von Ihnen beauftragten Providers, die Seite, von der Sie zu unserem Angebot gekommen sind (Referrer-URL) und Ihre IP-Adresse. Logfiles erm\u00f6glichen au\u00dferdem eine genaue Pr\u00fcfung bei Verdacht auf eine rechtswidrige Nutzung unserer Webseite.<\/p>\n\n\n\n<p><strong>Cookies<br><\/strong>Unsere Website verwendet so genannte Cookies. Dabei handelt es sich um kleine Textdateien, die mit Hilfe des Browsers auf Ihrem Endger\u00e4t abgelegt werden. Sie richten keinen Schaden an. Wir nutzen Cookies dazu, unser Angebot nutzerfreundlich zu gestalten. Einige Cookies bleiben auf Ihrem Endger\u00e4t gespeichert, bis Sie diese l\u00f6schen. Sie erm\u00f6glichen es uns, Ihren Browser beim n\u00e4chsten Besuch wiederzuerkennen. Wenn Sie dies nicht w\u00fcnschen, so k\u00f6nnen Sie Ihren Browser so einrichten, dass er Sie \u00fcber das Setzen von Cookies informiert und Sie dies nur im Einzelfall erlauben. Bei der Deaktivierung von Cookies kann die Funktionalit\u00e4t unserer Website eingeschr\u00e4nkt sein.<\/p>\n\n\n\n<p><strong>Kontakt mit uns<br><\/strong>Wenn Sie per Formular auf der Website mit uns aufnehmen, werden Ihre angegebenen Daten zwecks Bearbeitung der Anfrage und f\u00fcr den Fall von Anschlussfragen bei uns gespeichert. Diese Daten geben wir nicht ohne Ihre Einwilligung weiter.&nbsp;<\/p>\n\n\n\n<h2 class=\"wp-block-heading\">Inhalte und Dienste von Drittanbietern<\/h2>\n\n\n\n<p><strong>Google Analytics<br><\/strong>Wir setzen Google Analytics, einen Webanalysedienst der Google Inc. (\u201eGoogle\u201c) ein. Google verwendet Cookies. Die durch das Cookie erzeugten Informationen \u00fcber die Benutzung des Onlineangebotes durch die Nutzer werden in der Regel an einen Server von Google in den USA \u00fcbertragen und dort gespeichert.<\/p>\n\n\n\n<p>Google wird diese Informationen in unserem Auftrag benutzen, um die Nutzung unseres Onlineangebotes durch die Nutzer auszuwerten, um Reports \u00fcber die Aktivit\u00e4ten innerhalb dieses Onlineangebotes zusammenzustellen und um weitere mit der Nutzung dieses Onlineangebotes und der Internetnutzung verbundene Dienstleistungen uns gegen\u00fcber zu erbringen. Dabei k\u00f6nnen aus den verarbeiteten Daten pseudonyme Nutzungsprofile der Nutzer erstellt werden.<\/p>\n\n\n\n<p>Wir setzen Google Analytics nur mit aktivierter IP-Anonymisierung ein. Das bedeutet, die IP-Adresse der Nutzer wird von Google innerhalb von Mitgliedstaaten der Europ\u00e4ischen Union oder in anderen Vertragsstaaten des Abkommens \u00fcber den Europ\u00e4ischen Wirtschaftsraum gek\u00fcrzt. Nur in Ausnahmef\u00e4llen wird die volle IP-Adresse an einen Server von Google in den USA \u00fcbertragen und dort gek\u00fcrzt. Die von dem Browser des Nutzers \u00fcbermittelte IP-Adresse wird nicht mit anderen Daten von Google zusammengef\u00fchrt.<\/p>\n\n\n\n<p>Die Nutzer k\u00f6nnen die Speicherung der Cookies durch eine entsprechende Einstellung ihrer Browser-Software verhindern; die Nutzer k\u00f6nnen dar\u00fcber hinaus die Erfassung der durch das Cookie erzeugten und auf ihre Nutzung des Onlineangebotes bezogenen Daten an Google sowie die Verarbeitung dieser Daten durch Google verhindern, indem sie das unter dem folgenden Link verf\u00fcgbare Browser-Plugin herunterladen und installieren:<a href=\"http:\/\/tools.google.com\/dlpage\/gaoptout?hl=de\" target=\"_blank\" rel=\"noreferrer noopener\"> http:\/\/tools.google.com\/dlpage\/gaoptout?hl=de<\/a>.<span class=\"has-inline-color has-cyan-bluish-gray-color\"><\/span><\/p>\n\n\n\n<p>Weitere Informationen zur Datennutzung zu Werbezwecken durch Google, Einstellungs- und Widerspruchsm\u00f6glichkeiten erfahren Sie auf den Webseiten von Google:&nbsp;<a href=\"https:\/\/www.google.com\/intl\/de\/policies\/privacy\/partners\/\">https:\/\/www.google.com\/intl\/de\/policies\/privacy\/partners\/<\/a>&nbsp;(\u201eDatennutzung durch Google bei Ihrer Nutzung von Websites oder Apps unserer Partner\u201c),&nbsp;<a href=\"http:\/\/www.google.com\/policies\/technologies\/ads\">http:\/\/www.google.com\/policies\/technologies\/ads<\/a>&nbsp;(\u201eDatennutzung zu Werbezwecken\u201c),&nbsp;<a href=\"http:\/\/www.google.de\/settings\/ads\">http:\/\/www.google.de\/settings\/ads<\/a>&nbsp;(\u201eInformationen verwalten, die Google verwendet, um Ihnen Werbung einzublenden\u201c) und&nbsp;<a href=\"http:\/\/www.google.com\/ads\/preferences\/\">http:\/\/www.google.com\/ads\/preferences\/<\/a>&nbsp;(\u201eBestimmen Sie, welche Werbung Google Ihnen zeigt\u201c).<\/p>\n\n\n\n<p><strong>Google Web Fonts<br><\/strong>Diese Seite nutzt zur einheitlichen Darstellung von Schriftarten so genannte Web Fonts, die von Google bereitgestellt werden. Beim Aufruf einer Seite l\u00e4dt Ihr Browser die ben\u00f6tigten Web Fonts in ihren Browsercache, um Texte und Schriftarten korrekt anzuzeigen. Zu diesem Zweck muss der von Ihnen verwendete Browser Verbindung zu den Servern von Google aufnehmen. Hierdurch erlangt Google Kenntnis dar\u00fcber, dass \u00fcber Ihre IP-Adresse unsere Website aufgerufen wurde. Die Nutzung von Google Web Fonts erfolgt im Interesse einer einheitlichen und ansprechenden Darstellung unserer Online-Angebote. Dies stellt ein berechtigtes Interesse im Sinne von Art. 6 Abs. 1 lit. f DSGVO dar. Wenn Ihr Browser Web Fonts nicht unterst\u00fctzt, wird eine Standardschrift von Ihrem Computer genutzt. Weitere Informationen zu Google Web Fonts finden Sie unter&nbsp;<a href=\"https:\/\/developers.google.com\/fonts\/faq\">https:\/\/developers.google.com\/fonts\/faq<\/a>&nbsp;und in der Datenschutzerkl\u00e4rung von Google:&nbsp;<a href=\"https:\/\/www.google.com\/policies\/privacy\/\">https:\/\/www.google.com\/policies\/privacy\/<\/a>.<\/p>\n\n\n\n<p><strong>Google reCAPTCHA<br><\/strong>Wir nutzen \u201cGoogle reCAPTCHA\u201d (im Folgenden \u201creCAPTCHA\u201d) auf unseren Websites. Anbieter ist die Google Inc., 1600 Amphitheatre Parkway, Mountain View, CA 94043, USA (\u201cGoogle\u201d).<\/p>\n\n\n\n<p>Mit reCAPTCHA soll \u00fcberpr\u00fcft werden, ob die Dateneingabe auf unseren Websites (z.B. in einem Kontaktformular) durch einen Menschen oder durch ein automatisiertes Programm erfolgt. Hierzu analysiert reCAPTCHA das Verhalten des Websitebesuchers anhand verschiedener Merkmale. Diese Analyse beginnt automatisch, sobald der Websitebesucher die Website betritt. Zur Analyse wertet reCAPTCHA verschiedene Informationen aus (z.B. IP-Adresse, Verweildauer des Websitebesuchers auf der Website oder vom Nutzer get\u00e4tigte Mausbewegungen). Die bei der Analyse erfassten Daten werden an Google weitergeleitet.<\/p>\n\n\n\n<p>Die reCAPTCHA-Analysen laufen vollst\u00e4ndig im Hintergrund. Websitebesucher werden nicht darauf hingewiesen, dass eine Analyse stattfindet.<\/p>\n\n\n\n<p>Die Datenverarbeitung erfolgt auf Grundlage von Art. 6 Abs. 1 lit. f DSGVO. Der Websitebetreiber hat ein berechtigtes Interesse daran, seine Webangebote vor missbr\u00e4uchlicher automatisierter Aussp\u00e4hung und vor SPAM zu sch\u00fctzen.<\/p>\n\n\n\n<p>Weitere Informationen zu Google reCAPTCHA sowie die Datenschutzerkl\u00e4rung von Google entnehmen Sie folgenden Links:&nbsp;<a href=\"https:\/\/www.google.com\/intl\/de\/policies\/privacy\/\">https:\/\/www.google.com\/intl\/de\/policies\/privacy\/<\/a>&nbsp;und&nbsp;<a href=\"https:\/\/www.google.com\/recaptcha\/intro\/android.html\">https:\/\/www.google.com\/recaptcha\/intro\/android.html<\/a>.<\/p>\n\n\n\n<p><strong>Google Maps Plugin<br><\/strong>Wir setzen auf unserer Webseite ein Plugin des Internetdienstes Google Maps ein. Betreiber von Google Maps ist Google Inc., ans\u00e4ssig in den USA, CA 94043, 1600 Amphitheatre Parkway, Mountain View. Indem Sie Google Maps auf unserer Webseite nutzen, werden Informationen \u00fcber die Nutzung dieser Webseite und Ihre IP-Adresse an einen Google-Server in den USA \u00fcbermittelt und auch auf diesem Server gespeichert. Wir haben keine Kenntnis \u00fcber den genauen Inhalt der \u00fcbermittelten Daten, noch \u00fcber ihre Nutzung durch Google. Das Unternehmen verneint in diesem Kontext die Verbindung der Daten mit Informationen aus anderen Google-Diensten und die Erfassung personenbezogener Daten. Allerdings kann Google die Informationen an Dritte \u00fcbermitteln. Wenn Sie Javascript in Ihrem Browser deaktivieren, verhindern Sie die Ausf\u00fchrung von Google Maps. Sie k\u00f6nnen dann aber auch keine Kartenanzeige auf unserer Webseite nutzen. Mit der Nutzung unserer Webseite erkl\u00e4ren Sie Ihr Einverst\u00e4ndnis mit der beschriebenen Erfassung und Verarbeitung der Informationen durch Google Inc.. N\u00e4heres zu den Datenschutzbestimmungen und Nutzungsbedingungen f\u00fcr Google Maps erfahren Sie hier:&nbsp;<a href=\"https:\/\/www.google.com\/intl\/de_de\/help\/terms_maps.html\">https:\/\/www.google.com\/intl\/de_de\/help\/terms_maps.html<\/a>.<\/p>\n\n\n\n<h2 class=\"wp-block-heading\">Links zu Webseiten anderer Anbieter<\/h2>\n\n\n\n<p>Unsere Webseiten k\u00f6nnen Links zu Webseiten anderer Anbieter enthalten, auf die sich diese Datenschutzerkl\u00e4rung nicht erstreckt. Soweit mit der Nutzung der Internetseiten anderer Anbieter die Erhebung, Verarbeitung oder Nutzung personenbezogener Daten verbunden ist, beachten Sie bitte die Datenschutzhinweise der jeweiligen Anbieter.<\/p>\n\n\n\n<h2 class=\"wp-block-heading\">Ihre Rechte<\/h2>\n\n\n\n<p>Ihnen stehen grunds\u00e4tzlich die Rechte auf Auskunft, Berichtigung, L\u00f6schung, Einschr\u00e4nkung, Daten\u00fcbertragbarkeit, Widerruf und Widerspruch zu. Wenn Sie glauben, dass die Verarbeitung Ihrer Daten gegen das Datenschutzrecht verst\u00f6\u00dft oder Ihre datenschutzrechtlichen Anspr\u00fcche sonst in einer Weise verletzt worden sind, k\u00f6nnen Sie sich bei der Aufsichtsbeh\u00f6rde beschweren. In \u00d6sterreich ist dies die Datenschutzbeh\u00f6rde.<\/p>\n\n\n\n<p>Die Web-Seite\u00a0<a href=\"https:\/\/respektieredeinegrenzen.com\/\">hthttps:\/\/respektieredeinegrenzen.com\/<\/a> wird vom Amt der K\u00e4rntner Landesregierung betrieben.<\/p>\n\n\n\n<p>Sollten Sie noch weitere Informationen ben\u00f6tigen oder Fragen haben, k\u00f6nnen Sie uns jederzeit kontaktieren:<\/p>\n\n\n\n<p><strong>Kontaktdaten:<\/strong><br><\/p>\n\n\n\n<p><strong>AMT DER K\u00c4RNTNER LANDESREGIERUNG<\/strong><br>Abteilung 10 \u2013 Land- und Forstwirtschaft, L\u00e4ndlicher Raum<br>Mie\u00dftalerstra\u00dfe 1<br>9021 Klagenfurt am W\u00f6rthersee<\/p>\n\n\n\n<p>Tel.: +43 (0) 50536 \u2013 22701<\/p>\n\n\n\n<p>E-Mail:<a href=\"javascript:;\"><strong>&nbsp;<\/strong><\/a><a href=\"mailto:martin.gruber@ktn.gv.at\"><strong>abt10.post@ktn.gv.at<\/strong><\/a><br>Web:&nbsp;<a href=\"http:\/\/www.ktn.gv.at\/\" target=\"_blank\" rel=\"noreferrer noopener\"><strong>www.ktn.gv.at<\/strong><\/a><\/p>\n\n\n\n<p><strong>Kontaktdaten des Datenschutzbeauftragten:<br><\/strong>Amt der K\u00e4rntner Landesregierung, Abteilung 7 \u2013 Wirtschaft, Tourismus und Mobilit\u00e4t<br>Datenschutzbeauftragter, Mie\u00dftaler Stra\u00dfe 1, 9021 Klagenfurt<\/p>\n\n\n\n<p>Telefon: +43 (0) 50 536 \u2013 17003<br>Email:&nbsp;<a href=\"javascript:;\">datenschutzbeauftragter@ktn.gv.at<\/a><br><br>Wir behalten uns das Recht vor, diese Datenschutzerkl\u00e4rung jederzeit unter Beachtung der geltenden Datenschutzvorschriften zu \u00e4ndern.<\/p>\n<div class=\"sharedaddy sd-sharing-enabled\"><div class=\"robots-nocontent sd-block sd-social sd-social-icon-text sd-sharing\"><h3 class=\"sd-title\">Teilen mit:<\/h3><div class=\"sd-content\"><ul><li class=\"share-twitter\"><a rel=\"nofollow noopener noreferrer\" data-shared=\"sharing-twitter-3\" class=\"share-twitter sd-button share-icon\" href=\"https:\/\/respektieredeinegrenzen.com\/index.php\/datenschutzerklarung\/?share=twitter\" target=\"_blank\" title=\"Klick, um \u00fcber Twitter zu teilen\"><span>Twitter<\/span><\/a><\/li><li class=\"share-facebook\"><a rel=\"nofollow noopener noreferrer\" data-shared=\"sharing-facebook-3\" class=\"share-facebook sd-button share-icon\" href=\"https:\/\/respektieredeinegrenzen.com\/index.php\/datenschutzerklarung\/?share=facebook\" target=\"_blank\" title=\"Klick, um auf Facebook zu teilen\"><span>Facebook<\/span><\/a><\/li><li class=\"share-end\"><\/li><\/ul><\/div><\/div><\/div>","protected":false},"excerpt":{"rendered":"<p>Diese Webseite wird vom Amt der K\u00e4rntner Landesregierung verwaltet. Indem Sie auf diese zugreifen oder diese in einer anderen Form nutzen, erkl\u00e4ren Sie sich mit den Bedingungen der Richtlinien f\u00fcr den Datenschutz wie unten aufgef\u00fchrt einverstanden. Sollten Sie mit den&hellip;<\/p>\n<div class=\"sharedaddy sd-sharing-enabled\"><div class=\"robots-nocontent sd-block sd-social sd-social-icon-text sd-sharing\"><h3 class=\"sd-title\">Teilen mit:<\/h3><div class=\"sd-content\"><ul><li class=\"share-twitter\"><a rel=\"nofollow noopener noreferrer\" data-shared=\"sharing-twitter-3\" class=\"share-twitter sd-button share-icon\" href=\"https:\/\/respektieredeinegrenzen.com\/index.php\/datenschutzerklarung\/?share=twitter\" target=\"_blank\" title=\"Klick, um \u00fcber Twitter zu teilen\"><span>Twitter<\/span><\/a><\/li><li class=\"share-facebook\"><a rel=\"nofollow noopener noreferrer\" data-shared=\"sharing-facebook-3\" class=\"share-facebook sd-button share-icon\" href=\"https:\/\/respektieredeinegrenzen.com\/index.php\/datenschutzerklarung\/?share=facebook\" target=\"_blank\" title=\"Klick, um auf Facebook zu teilen\"><span>Facebook<\/span><\/a><\/li><li class=\"share-end\"><\/li><\/ul><\/div><\/div><\/div>","protected":false},"author":1,"featured_media":0,"parent":0,"menu_order":0,"comment_status":"closed","ping_status":"open","template":"","meta":{"spay_email":"","footnotes":""},"class_list":["post-3","page","type-page","status-publish","hentry","entry","no-media"],"yoast_head":"<!-- This site is optimized with the Yoast SEO plugin v16.5 - https:\/\/yoast.com\/wordpress\/plugins\/seo\/ -->\n<title>Datenschutzerkl\u00e4rung - Respektiere deine Grenzen<\/title>\n<meta name=\"robots\" content=\"index, follow, max-snippet:-1, max-image-preview:large, max-video-preview:-1\" \/>\n<link rel=\"canonical\" href=\"https:\/\/respektieredeinegrenzen.com\/index.php\/datenschutzerklarung\/\" \/>\n<meta property=\"og:locale\" content=\"de_DE\" \/>\n<meta property=\"og:type\" content=\"article\" \/>\n<meta property=\"og:title\" content=\"Datenschutzerkl\u00e4rung - Respektiere deine Grenzen\" \/>\n<meta property=\"og:description\" content=\"Diese Webseite wird vom Amt der K\u00e4rntner Landesregierung verwaltet. Indem Sie auf diese zugreifen oder diese in einer anderen Form nutzen, erkl\u00e4ren Sie sich mit den Bedingungen der Richtlinien f\u00fcr den Datenschutz wie unten aufgef\u00fchrt einverstanden. Sollten Sie mit den&hellip;\" \/>\n<meta property=\"og:url\" content=\"https:\/\/respektieredeinegrenzen.com\/index.php\/datenschutzerklarung\/\" \/>\n<meta property=\"og:site_name\" content=\"Respektiere deine Grenzen\" \/>\n<meta property=\"article:modified_time\" content=\"2021-07-26T07:38:20+00:00\" \/>\n<meta name=\"twitter:card\" content=\"summary_large_image\" \/>\n<meta name=\"twitter:label1\" content=\"Gesch\u00e4tzte Lesezeit\" \/>\n\t<meta name=\"twitter:data1\" content=\"6\u00a0Minuten\" \/>\n<script type=\"application\/ld+json\" class=\"yoast-schema-graph\">{\"@context\":\"https:\/\/schema.org\",\"@graph\":[{\"@type\":\"Organization\",\"@id\":\"https:\/\/respektieredeinegrenzen.com\/#organization\",\"name\":\"Respektiere deine Grenzen\",\"url\":\"https:\/\/respektieredeinegrenzen.com\/\",\"sameAs\":[],\"logo\":{\"@type\":\"ImageObject\",\"@id\":\"https:\/\/respektieredeinegrenzen.com\/#logo\",\"inLanguage\":\"de\",\"url\":\"https:\/\/respektieredeinegrenzen.com\/wp-content\/uploads\/2021\/06\/Unknown.png\",\"contentUrl\":\"https:\/\/respektieredeinegrenzen.com\/wp-content\/uploads\/2021\/06\/Unknown.png\",\"width\":388,\"height\":130,\"caption\":\"Respektiere deine Grenzen\"},\"image\":{\"@id\":\"https:\/\/respektieredeinegrenzen.com\/#logo\"}},{\"@type\":\"WebSite\",\"@id\":\"https:\/\/respektieredeinegrenzen.com\/#website\",\"url\":\"https:\/\/respektieredeinegrenzen.com\/\",\"name\":\"Respektiere deine Grenzen\",\"description\":\"Land K\\u00e4rnten\",\"publisher\":{\"@id\":\"https:\/\/respektieredeinegrenzen.com\/#organization\"},\"potentialAction\":[{\"@type\":\"SearchAction\",\"target\":\"https:\/\/respektieredeinegrenzen.com\/?s={search_term_string}\",\"query-input\":\"required name=search_term_string\"}],\"inLanguage\":\"de\"},{\"@type\":\"WebPage\",\"@id\":\"https:\/\/respektieredeinegrenzen.com\/index.php\/datenschutzerklarung\/#webpage\",\"url\":\"https:\/\/respektieredeinegrenzen.com\/index.php\/datenschutzerklarung\/\",\"name\":\"Datenschutzerkl\\u00e4rung - Respektiere deine Grenzen\",\"isPartOf\":{\"@id\":\"https:\/\/respektieredeinegrenzen.com\/#website\"},\"datePublished\":\"2021-05-07T07:49:19+00:00\",\"dateModified\":\"2021-07-26T07:38:20+00:00\",\"breadcrumb\":{\"@id\":\"https:\/\/respektieredeinegrenzen.com\/index.php\/datenschutzerklarung\/#breadcrumb\"},\"inLanguage\":\"de\",\"potentialAction\":[{\"@type\":\"ReadAction\",\"target\":[\"https:\/\/respektieredeinegrenzen.com\/index.php\/datenschutzerklarung\/\"]}]},{\"@type\":\"BreadcrumbList\",\"@id\":\"https:\/\/respektieredeinegrenzen.com\/index.php\/datenschutzerklarung\/#breadcrumb\",\"itemListElement\":[{\"@type\":\"ListItem\",\"position\":1,\"name\":\"Datenschutzerkl\\u00e4rung\"}]}]}<\/script>\n<!-- \/ Yoast SEO plugin. -->","jetpack_sharing_enabled":true,"_links":{"self":[{"href":"https:\/\/respektieredeinegrenzen.com\/index.php\/wp-json\/wp\/v2\/pages\/3","targetHints":{"allow":["GET"]}}],"collection":[{"href":"https:\/\/respektieredeinegrenzen.com\/index.php\/wp-json\/wp\/v2\/pages"}],"about":[{"href":"https:\/\/respektieredeinegrenzen.com\/index.php\/wp-json\/wp\/v2\/types\/page"}],"author":[{"embeddable":true,"href":"https:\/\/respektieredeinegrenzen.com\/index.php\/wp-json\/wp\/v2\/users\/1"}],"replies":[{"embeddable":true,"href":"https:\/\/respektieredeinegrenzen.com\/index.php\/wp-json\/wp\/v2\/comments?post=3"}],"version-history":[{"count":10,"href":"https:\/\/respektieredeinegrenzen.com\/index.php\/wp-json\/wp\/v2\/pages\/3\/revisions"}],"predecessor-version":[{"id":915,"href":"https:\/\/respektieredeinegrenzen.com\/index.php\/wp-json\/wp\/v2\/pages\/3\/revisions\/915"}],"wp:attachment":[{"href":"https:\/\/respektieredeinegrenzen.com\/index.php\/wp-json\/wp\/v2\/media?parent=3"}],"curies":[{"name":"wp","href":"https:\/\/api.w.org\/{rel}","templated":true}]}}